{"id":3,"date":"2023-11-19T19:23:39","date_gmt":"2023-11-19T19:23:39","guid":{"rendered":"https:\/\/demo.inprimepay.com\/?page_id=3"},"modified":"2025-08-22T15:14:48","modified_gmt":"2025-08-22T15:14:48","slug":"privacy-policy","status":"publish","type":"page","link":"https:\/\/perfectionvillageshop.inprimepay.com\/?page_id=3","title":{"rendered":"Privacy Policy"},"content":{"rendered":"\t\t<div data-elementor-type=\"wp-page\" data-elementor-id=\"3\" class=\"elementor elementor-3\" data-elementor-post-type=\"page\">\n\t\t\t\t<div class=\"elementor-element elementor-element-3a970ffc e-flex e-con-boxed e-con e-parent\" data-id=\"3a970ffc\" data-element_type=\"container\">\n\t\t\t\t\t<div class=\"e-con-inner\">\n\t\t\t\t<div class=\"elementor-element elementor-element-79c1101 elementor-widget elementor-widget-text-editor\" data-id=\"79c1101\" data-element_type=\"widget\" data-widget_type=\"text-editor.default\">\n\t\t\t\t<div class=\"elementor-widget-container\">\n\t\t\t\t\t\t\t\t\t<h1 id=\"informativa-ai-sensi-dell-art-13-del-regolamento-ue-2016-679-aggiornamento-del-10-gennaio-2022\" class=\"wp-block-heading\">Informativa ai sensi dell\u2019Art. 13 del Regolamento (UE) 2016\/679\u00a0<\/h1><p>Con il presente documento (\u201cInformativa\u201d) il Titolare del trattamento, come di seguito definito, desidera informarla sulle finalit\u00e0 e le modalit\u00e0 del trattamento dei Suoi dati personali e sui diritti che Le sono riconosciuti dal Regolamento (UE) 2016\/679 relativo alla protezione delle persone fisiche, con riguardo al trattamento dei dati personali nonch\u00e9 alla loro libera circolazione (\u201cGDPR\u201d).<br \/>La presente Informativa potr\u00e0 essere integrata dal Titolare ove eventuali servizi aggiuntivi da Lei richiesti dovessero<br \/>comportare ulteriori trattamenti.<\/p><h2 id=\"titolare-del-trattamento\" class=\"wp-block-heading\">TITOLARE DEL TRATTAMENTO<\/h2><p class=\"mb-0 text-uh1percase\"><strong>Perfectionvillage SRL <\/strong><span style=\"font-size: 16px;\">con sede in Viale del Commercio, snc, 95045 Misterbianco CT<\/span><\/p><p>Telefono: +39 327 636 0277<\/p><p>Email: info@perfectionvillage.it<\/p><p>P.IVA \/ CF: 05819230870<\/p><h2 id=\"responsabile-protezione-dei-dati-dpo\" class=\"wp-block-heading\">RESPONSABILE PROTEZIONE DEI DATI\/DPO<\/h2><p class=\"mb-0 text-uh1percase\"><strong>Perfectionvillage SRL <\/strong><span style=\"font-size: 16px;\">con sede in Viale del Commercio, snc, 95045 Misterbianco CT<\/span><\/p><p>Telefono: +39 327 636 0277<\/p><p>Email: info@perfectionvillage.it<\/p><p>P.IVA \/ CF: 05819230870<\/p><h2 id=\"tipi-di-dati-trattati\" class=\"wp-block-heading\">TIPI DI DATI TRATTATI<\/h2><p>Le attivit\u00e0 di trattamento svolte sono finalizzate all\u2019acquisizione dei seguenti dati personali:<\/p><ul><li>Cookie: Cookie di Profilazione.<\/li><li>Dati comportamentali: Log di navigazione.<\/li><li>Dati comuni: Dati anagrafici.<\/li><li>Dati economici: Bancari.<\/li><\/ul><h2 id=\"finalita-del-trattamento-e-condizione-che-rende-lecito-il-trattamento\" class=\"wp-block-heading\">FINALIT\u00c0 DEL TRATTAMENTO E CONDIZIONE CHE RENDE LECITO IL TRATTAMENTO<\/h2><p class=\"has-normal-font-size\"><strong>CLIENTI \u2013 Esecuzione del Contratto<br \/><\/strong>Il trattamento dei dati personali \u00e8 necessario per l\u2019acquisizione di informazioni necessarie alla conclusione ed esecuzione del contratto stipulato con il Titolare del Trattamento.<br \/>Condizione Liceit\u00e0 Trattamento: Esecuzione Contratto \u2013 Art. 6, c.1, let. b. GDPR<\/p><p class=\"has-normal-font-size\"><strong>Finalit\u00e0 del trattamento:\u00a0<\/strong>Esecuzione e gestione del contratto stipulato con il Titolare del Trattamento.<br \/>Acquisizione di informazioni preliminari alla conclusione dei contratti.<br \/>Comunicazioni trasmesse e\/o ricevute ai\/dai clienti connesse all\u2019esecuzione e\/o stipula del contratto, eseguite mediante diversi mezzi di comunicazioni come ad esempio il telefono, email (posta elettronica), messagistica instantanea, posta cartacea.<br \/><strong>Natura del conferimento:<\/strong>\u00a0Obbligatoria \u2013 Il mancato conferimento dei dati comporter\u00e0 l\u2019impossibilit\u00e0, per il Titolare del Trattamento, di eseguire il contratto.<br \/><strong>Periodo conservazione dati personali:<\/strong>\u00a0I dati personali, impiegati per l\u2019esecuzione del contratto, saranno trattati per il tempo necessario alla gestione del rapporto esistente con il Titolare del Trattamento.<br \/>Le informazioni raccolte per la valutazione della conclusione del contratto, in caso di mancato perfezionamento, saranno cancellati entro 6 mesi.<br \/><strong>Modalit\u00e0 del Trattamento:<\/strong>\u00a0Il trattamento \u00e8 eseguito, prevalentemente, con strumenti informatici.<\/p><h2 id=\"clienti-adempimenti-di-legge\" class=\"wp-block-heading\">CLIENTI \u2013 Adempimenti di Legge<\/h2><p>Il trattamento dei dati personali \u00e8 necessario all\u2019adempimento di obblighi previsti da leggi, da regolamenti e\/o normative comunitarie, da organi di vigilanza\/controllo o da altre autorit\u00e0 a ci\u00f2 legittimate.<\/p><p>Condizione Liceit\u00e0 Trattamento: Obbligo Legale \u2013 Art. 6, c.1, let. c. GDPR<\/p><p><strong>Finalit\u00e0 del trattamento:<\/strong><\/p><p>Conservazione di documenti contabili ed amministrativi in forma cartacea.<\/p><p>Conservazione di documenti contabili ed amministrativi in forma digitale.<\/p><p>Conservazione digitale delle fatture emesse\/ricevute (fatturazione elettronica).<\/p><p><strong>Natura del conferimento:\u00a0<\/strong>Obbligatoria \u2013 Il mancato conferimento dei dati comporter\u00e0 l\u2019impossibilit\u00e0, per il Titolare del Trattamento, di eseguire il contratto.<\/p><p><strong>Periodo conservazione dati personali:\u00a0<\/strong>I dati personali saranno trattati per tale finalit\u00e0 per il tempo necessario per l\u2019adempimento degli obblighi legali previsti dalla normativa vigente.<\/p><p>A questo riguardo, i dati personali saranno conservati per 10 anni a partire dallo scioglimento del contratto o, se successiva, da una decisione vincolante emanata da un\u2019autorit\u00e0 a ci\u00f2 competente, fermi restando eventuali obblighi di conservazione relativi a particolari categorie di dati, per periodi superiori di tempo, prescritti dall\u2019ordinamento giuridico.<\/p><p><strong>Modalit\u00e0 del Trattamento:<\/strong>\u00a0Il trattamento \u00e8 eseguito, prevalentemente, con strumenti informatici.<\/p><h2 id=\"sito-dati-navigazione\" class=\"wp-block-heading\">SITO \u2013 Dati Navigazione<\/h2><p>Ricavare informazioni statistiche anonime sull\u2019uso, controllare il corretto funzionamento del sito, accertamento di responsabilit\u00e0 in caso di ipotetici reati informatici ai danni del Titolare.<\/p><p>Condizione Liceit\u00e0 Trattamento: Legittimo Interesse \u2013 Art. 6, c.1, let. f. GDPR<\/p><p><strong>Finalit\u00e0 del trattamento:<\/strong><\/p><p>Analisi dei dati per eseguire l\u2019evoluzione e manutenzione del sito web.<\/p><p>Accertamento di responsabilit\u00e0 in caso di potenziali reati informatici ai danni del sito e\/o degli Interessati al trattamento.<\/p><p>Analisi statistiche, anonime, sull\u2019impiego del sito.<\/p><p><strong>Natura del conferimento:\u00a0<\/strong>Obbligatoria \u2013 Il mancato conferimento dei dati comporter\u00e0 l\u2019impossibilit\u00e0 per l\u2019azienda di erogare il servizio web fornito.<\/p><p><strong>Periodo conservazione dati personali:<\/strong>\u00a0I dati sono conservati per 30 giorni.<\/p><p>Modalit\u00e0 del Trattamento: Il trattamento \u00e8 eseguito con strumenti informatici.<\/p><h2 id=\"sito-richieste-dal-sito\" class=\"wp-block-heading\">SITO \u2013 Richieste dal Sito<\/h2><p>Richieste formulate dagli interessati mediante il sito internet del Titolare del Trattamento.<\/p><p>Condizione Liceit\u00e0 Trattamento: Esecuzione Contratto \u2013 Art. 6, c.1, let. b. GDPR<\/p><p><strong>Finalit\u00e0 del trattamento:<\/strong>\u00a0Invio di richieste tramite strumenti della piattaforma web.<\/p><p><strong>Natura del conferimento:\u00a0<\/strong>Facoltativa \u2013 Il mancato conferimento dei dati comporter\u00e0 l\u2019impossibilit\u00e0, per il Titolare del Trattamento, di rispondere alle richieste dell\u2019interessato.<\/p><p><strong>Periodo conservazione dati personali:<\/strong>\u00a0Evasione della richiesta.<\/p><p><strong>Modalit\u00e0 del Trattamento:<\/strong>\u00a0Il trattamento \u00e8 eseguito con strumenti informatici.<\/p><h2 id=\"sito-uso-del-servizio-ed-area-riservata\" class=\"wp-block-heading\">SITO \u2013 Uso del Servizio ed Area Riservata<\/h2><p>Fruizione dei servizi offerti mediante l\u2019area riservata del sito del Titolare.<\/p><p>Condizione Liceit\u00e0 Trattamento: Esecuzione Contratto \u2013 Art. 6, c.1, let. b. GDPR<\/p><p><strong>Finalit\u00e0 del trattamento:<\/strong><\/p><p>Registrazione all\u2019interno dell\u2019area riservata.<\/p><p>Fruizione del servizio erogato mediante l\u2019accesso all\u2019area riservata del sito.<\/p><p><strong>Natura del conferimento:<\/strong>\u00a0Facoltativa \u2013 Il mancato conferimento dei dati comporter\u00e0 l\u2019impossibilit\u00e0, per il Titolare del Trattamento, di fornire servizi mediante l\u2019area riservata del sito.<\/p><p><strong>Periodo conservazione dati personali:<\/strong>\u00a0Cancellazione dell\u2019utente.<\/p><p><strong>Modalit\u00e0 del Trattamento:<\/strong>\u00a0Il trattamento \u00e8 eseguito con strumenti informatici.<\/p><h2 id=\"pagina-social-facebook\" class=\"wp-block-heading\">PAGINA SOCIAL FACEBOOK<\/h2><p>Quando un utente utilizza la Pagina amministrata dal Titolare, Facebook (\u201cSocial Media\u201d) raccoglie informazioni quali ad esempio i tipi di contenuti visualizzati o con cui interagisce, le azioni eseguite nonch\u00e9 le informazioni sui dispositivi usati (indirizzi IP, sistema operativo, tipo di browser, impostazioni della lingua, dati sui cookie).<\/p><p>Gli Insights della Pagina sono statistiche aggregate create da determinati eventi registrati dai server di Facebook quando gli utenti interagiscono con le Pagine e i contenuti in esse presenti.<\/p><p>Come illustrato nella Privacy Policy (https:\/\/www.facebook.com\/policy) di Facebook, il Social Media raccoglie e usa informazioni anche per fornire servizi di raccolta di dati statistici definiti Insights della Pagina (https:\/\/www.facebook.com\/business\/pages\/manage#page_insights) agli amministratori delle pagine per consentire loro di capire la modalit\u00e0 con cui le persone interagiscono con i contenuti in esse presenti.<br \/>I dettagli sulle modalit\u00e0 di trattamento eseguito da Facebook sono disponibili al seguente link:<br \/>https:\/\/www.facebook.com\/privacy\/explanation (https:\/\/www.facebook.com\/privacy\/explanation)<br \/>I dettagli sui dati personali trattati per Insights sono disponibili al seguente link:<br \/>https:\/\/www.facebook.com\/legal\/terms\/information_about_page_insights_data (https:\/\/www.facebook.com\/legal\/terms\/information_about_page_insights_data)<br \/>I dettagli sui cookie utilizzati da Facebook, sono disponibili al seguente link:<br \/>https:\/\/www.facebook.com\/policies\/cookies\/ (https:\/\/www.facebook.com\/policies\/cookies\/)<br \/>Il Titolare del Trattamento come amministratore della Pagina e Facebook Ireland Limited (4 Grand Canal Square, Grand Canal Harbour, Dublin 2, Ireland) sono contitolari del trattamento in conformit\u00e0 con l\u2019articolo 26 del GDPR per il trattamento di tali dati personali registrati per gli eventi erogati tramite Insights della Pagina (https:\/\/www.facebook.com\/business\/pages\/manage#page_insights) (\u201cDati di Insights\u201d).<br \/>L\u2019accordo di contitolarit\u00e0 (https:\/\/www.facebook.com\/legal\/terms\/page_controller_addendum), fra il Titolare e Facebook, copre la creazione di tali eventi e la loro aggregazione in Insights nella Pagina fornita ad ogni amministratore.<br \/>La base giuridica del trattamento \u00e8 l\u2019interesse legittimo del Titolare, art. 6, paragrafo 1, lettera f), GDPR. Pertanto, non \u00e8 necessaria l\u2019acquisizione di un Suo preventivo consenso al trattamento.<br \/>Condizione Liceit\u00e0 Trattamento: Legittimo Interesse \u2013 Art. 6, c.1, let. f. GDPR<br \/><strong>Finalit\u00e0 del trattamento:<\/strong>\u00a0Rilevazioni statistiche relative all\u2019utilizzo di elementi contenuti all\u2019interno della pagina Facebook amministrata dal Titolare del trattamento.<br \/><strong>Natura del conferimento:<\/strong>\u00a0Obbligatorio \u2013 Il mancato conferimento dei dati richiesti comporter\u00e0 l\u2019impossibilit\u00e0 per il Titolare di fornire servizi tramite la Pagina pubblicata su Facebook.<br \/><strong>Periodo conservazione dati personali:<\/strong>\u00a0I dati raccolti saranno trattati per il tempo strettamente per la realizzazione delle finalit\u00e0 sopradescritte come specificato nelle<br \/>policy Facebook sopra descritte.<br \/><strong>Modalit\u00e0 del Trattamento:<\/strong>\u00a0Il trattamento \u00e8 eseguito con mezzi informatici dal Contitolare Facebook<\/p><h2 id=\"trasferimento-dati-extra-ue\" class=\"wp-block-heading\">TRASFERIMENTO DATI EXTRA UE<\/h2><p>I dati personali sono trattati esclusivamente all\u2019interno della Unione Europea.<\/p><h2 id=\"diritti-dell-interessato-reclamo-all-autorita-di-controllo\" class=\"wp-block-heading\">DIRITTI DELL\u2019INTERESSATO \u2013 RECLAMO ALL\u2019AUTORIT\u00c0 DI CONTROLLO<\/h2><p>In relazione ai trattamenti descritti nella presente Informativa, in qualit\u00e0 di interessato Lei potr\u00e0, alle condizioni previste dal GDPR, esercitare i diritti sanciti dagli articoli da 15 a 22 del GDPR e, in particolare, i seguenti diritti:<br \/>diritto di accesso \u2013 articolo 15 GDPR: diritto di ottenere conferma che sia o meno in corso un trattamento di dati personali che La riguardano e, in tal caso, ottenere l\u2019accesso ai Suoi dati personali; diritto di rettifica \u2013 articolo 16 GDPR: diritto di ottenere, senza ingiustificato ritardo, la rettifica dei dati personali inesatti che La riguardano e\/o l\u2019integrazione dei dati personali incompleti; diritto alla cancellazione (diritto all\u2019oblio) \u2013 articolo 17 GDPR: diritto di ottenere, senza ingiustificato ritardo, la cancellazione dei dati personali che La riguardano. Il diritto alla cancellazione non si applica nella misura in cui il trattamento sia necessario per l\u2019adempimento di un obbligo legale o per l\u2019esecuzione di un compito svolto nel pubblico interesse o per l\u2019accertamento, l\u2019esercizio o la difesa di un diritto in sede giudiziaria.<br \/>Diritto di limitazione di trattamento \u2013 articolo 18 GDPR: diritto di ottenere la limitazione del trattamento, quando:<\/p><p>a) l\u2019interessato contesta l\u2019esattezza dei dati personali;<\/p><p>b) il trattamento \u00e8 illecito e l\u2019interessato si oppone alla cancellazione dei dati personali e chiede invece che ne sia limitato l\u2019utilizzo ;<\/p><p>c) i dati personali sono necessari all\u2019interessato per l\u2019accertamento, l\u2019esercizio o la difesa di un diritto in sede giudiziaria;<\/p><p>d) l\u2019interessato si \u00e8 opposto al trattamento in attesa della verifica in merito all\u2019eventuale prevalenza dei motivi legittimi del titolare del trattamento rispetto a quelli dell\u2019interessato.<br \/><strong>Diritto alla portabilit\u00e0 dei dati \u2013 articolo 20 GDPR:<\/strong>\u00a0diritto di ricevere, in un formato strutturato, di uso comune e leggibile da un dispositivo automatico, i dati personali che La riguardano forniti al Titolare e il diritto di trasmetterli a un altro titolare senza impedimenti, qualora il trattamento si basi sul consenso e sia effettuato con mezzi automatizzati. Inoltre, il diritto di ottenere che i Suoi dati personali siano trasmessi direttamente da questo titolare ad altro titolare qualora ci\u00f2 sia tecnicamente fattibile; diritto di opposizione \u2013 articolo 21 GDPR: diritto di opporsi, in qualsiasi momento, al trattamento dei dati personali che La riguardano basati sulla condizione di legittimit\u00e0 del legittimo interesse, compresa la profilazione, salvo che sussistano motivi legittimi per il Titolare di continuare il trattamento che prevalgono sugli interessi, sui diritti e sulle libert\u00e0 dell\u2019interessato oppure per l\u2019accertamento, l\u2019esercizio o la difesa di un diritto in sede giudiziaria.<br \/>Diritto a non essere sottoposto a un processo decisionale automatizzato \u2013 articolo 22 GDPR: l\u2019interessato ha il diritto di non essere sottoposto a una decisione basata unicamente sul trattamento automatizzato, compresa la profilazione, che produca effetti giuridici che lo riguardano o che incida in modo analogo significativamente sulla sua persona, salvo che ci\u00f2 sia necessario per la conclusione o esecuzione di un contratto o Lei abbia rilasciato il Suo consenso.<\/p><p>In ogni caso, un processo decisionale automatizzato non potr\u00e0 riguardare i Suoi dati personali e Lei potr\u00e0 in ogni momento ottenere l\u2019intervento umano da parte del titolare del trattamento, esprimere la propria opinione e contestare la decisione.<br \/>Diritto di proporre reclamo all\u2019Autorit\u00e0 Garante per la protezione dei dati personali: http:\/\/www.garanteprivacy.it (http:\/\/www.garanteprivacy.it); revocare il consenso prestato in ogni occasione e con la stessa facilit\u00e0 con cui \u00e8 stato fornito senza pregiudicare la liceit\u00e0 del trattamento basata sul consenso prestato prima della revoca.<br \/>I diritti di cui sopra potranno essere esercitati, nei confronti del Titolare, contattando i riferimenti sopra indicati.<br \/>L\u2019esercizio dei Suoi diritti in qualit\u00e0 di interessato \u00e8 gratuito ai sensi dell\u2019articolo 12 GDPR. Tuttavia, nel caso di richieste manifestamente infondate o eccessive, anche per la loro ripetitivit\u00e0, il Titolare potrebbe addebitarle un contributo spese ragionevole, alla luce dei costi amministrativi sostenuti per gestire la Sua richiesta, o negare la soddisfazione della sua richiesta.<br \/>La informiamo, infine, che il Titolare potr\u00e0 richiedere ulteriori informazioni necessarie a confermare l\u2019identit\u00e0 dell\u2019interessato.<\/p>\t\t\t\t\t\t\t\t<\/div>\n\t\t\t\t<\/div>\n\t\t\t\t\t<\/div>\n\t\t\t\t<\/div>\n\t\t\t\t<\/div>\n\t\t","protected":false},"excerpt":{"rendered":"<p>Informativa ai sensi dell\u2019Art. 13 del Regolamento (UE) 2016\/679\u00a0 Con il presente documento (\u201cInformativa\u201d) il Titolare del trattamento, come di seguito definito, desidera informarla sulle finalit\u00e0 e le modalit\u00e0 del trattamento dei Suoi dati personali e sui diritti che Le sono riconosciuti dal Regolamento (UE) 2016\/679 relativo alla protezione delle persone fisiche, con riguardo al [&hellip;]<\/p>\n","protected":false},"author":9,"featured_media":0,"parent":0,"menu_order":0,"comment_status":"closed","ping_status":"closed","template":"","meta":{"site-sidebar-layout":"default","site-content-layout":"","ast-site-content-layout":"default","site-content-style":"default","site-sidebar-style":"default","ast-global-header-display":"","ast-banner-title-visibility":"","ast-main-header-display":"","ast-hfb-above-header-display":"","ast-hfb-below-header-display":"","ast-hfb-mobile-header-display":"","site-post-title":"","ast-breadcrumbs-content":"","ast-featured-img":"","footer-sml-layout":"","ast-disable-related-posts":"","theme-transparent-header-meta":"","adv-header-id-meta":"","stick-header-meta":"","header-above-stick-meta":"","header-main-stick-meta":"","header-below-stick-meta":"","astra-migrate-meta-layouts":"default","ast-page-background-enabled":"default","ast-page-background-meta":{"desktop":{"background-color":"var(--ast-global-color-4)","background-image":"","background-repeat":"repeat","background-position":"center center","background-size":"auto","background-attachment":"scroll","background-type":"","background-media":"","overlay-type":"","overlay-color":"","overlay-opacity":"","overlay-gradient":""},"tablet":{"background-color":"","background-image":"","background-repeat":"repeat","background-position":"center center","background-size":"auto","background-attachment":"scroll","background-type":"","background-media":"","overlay-type":"","overlay-color":"","overlay-opacity":"","overlay-gradient":""},"mobile":{"background-color":"","background-image":"","background-repeat":"repeat","background-position":"center center","background-size":"auto","background-attachment":"scroll","background-type":"","background-media":"","overlay-type":"","overlay-color":"","overlay-opacity":"","overlay-gradient":""}},"ast-content-background-meta":{"desktop":{"background-color":"var(--ast-global-color-5)","background-image":"","background-repeat":"repeat","background-position":"center center","background-size":"auto","background-attachment":"scroll","background-type":"","background-media":"","overlay-type":"","overlay-color":"","overlay-opacity":"","overlay-gradient":""},"tablet":{"background-color":"var(--ast-global-color-5)","background-image":"","background-repeat":"repeat","background-position":"center center","background-size":"auto","background-attachment":"scroll","background-type":"","background-media":"","overlay-type":"","overlay-color":"","overlay-opacity":"","overlay-gradient":""},"mobile":{"background-color":"var(--ast-global-color-5)","background-image":"","background-repeat":"repeat","background-position":"center center","background-size":"auto","background-attachment":"scroll","background-type":"","background-media":"","overlay-type":"","overlay-color":"","overlay-opacity":"","overlay-gradient":""}},"footnotes":""},"class_list":["post-3","page","type-page","status-publish","hentry"],"_links":{"self":[{"href":"https:\/\/perfectionvillageshop.inprimepay.com\/index.php?rest_route=\/wp\/v2\/pages\/3","targetHints":{"allow":["GET"]}}],"collection":[{"href":"https:\/\/perfectionvillageshop.inprimepay.com\/index.php?rest_route=\/wp\/v2\/pages"}],"about":[{"href":"https:\/\/perfectionvillageshop.inprimepay.com\/index.php?rest_route=\/wp\/v2\/types\/page"}],"author":[{"embeddable":true,"href":"https:\/\/perfectionvillageshop.inprimepay.com\/index.php?rest_route=\/wp\/v2\/users\/9"}],"replies":[{"embeddable":true,"href":"https:\/\/perfectionvillageshop.inprimepay.com\/index.php?rest_route=%2Fwp%2Fv2%2Fcomments&post=3"}],"version-history":[{"count":3,"href":"https:\/\/perfectionvillageshop.inprimepay.com\/index.php?rest_route=\/wp\/v2\/pages\/3\/revisions"}],"predecessor-version":[{"id":15786,"href":"https:\/\/perfectionvillageshop.inprimepay.com\/index.php?rest_route=\/wp\/v2\/pages\/3\/revisions\/15786"}],"wp:attachment":[{"href":"https:\/\/perfectionvillageshop.inprimepay.com\/index.php?rest_route=%2Fwp%2Fv2%2Fmedia&parent=3"}],"curies":[{"name":"wp","href":"https:\/\/api.w.org\/{rel}","templated":true}]}}